{"id":10,"date":"2016-11-08T21:23:14","date_gmt":"2016-11-08T21:23:14","guid":{"rendered":"https:\/\/sharkvador.com\/?page_id=10"},"modified":"2025-04-21T18:53:39","modified_gmt":"2025-04-21T18:53:39","slug":"home","status":"publish","type":"page","link":"https:\/\/sharkvador.com\/fr\/","title":{"rendered":"Sharkvador Official Website"},"content":{"rendered":"<div class=\"wpb-content-wrapper\"><div  class=\"vc_row wpb_row vc_row-fluid full_width\"><div class=\"wpb_column vc_column_container vc_col-sm-12\"><div class=\"vc_column-inner\"><div class=\"wpb_wrapper\">\n\t\t\t<!-- START Banner 01 REVOLUTION SLIDER 6.6.20 --><p class=\"rs-p-wp-fix\"><\/p>\n\t\t\t<rs-module-wrap id=\"rev_slider_1_1_wrapper\" data-source=\"gallery\" style=\"visibility:hidden;background:transparent;padding:0;\">\n\t\t\t\t<rs-module id=\"rev_slider_1_1\" style=\"\" data-version=\"6.6.20\">\n\t\t\t\t\t<rs-slides style=\"overflow: hidden; position: absolute;\">\n\t\t\t\t\t\t<rs-slide style=\"position: absolute;\" data-key=\"rs-1\" data-title=\"Slide\" data-anim=\"ms:10;\" data-in=\"o:1;e:none;\" data-out=\"e:none;\" data-d3=\"e:none;\">\n\t\t\t\t\t\t\t<img decoding=\"async\" src=\"\/\/sharkvador.com\/wp-content\/plugins\/revslider\/public\/assets\/assets\/dummy.png\" alt=\"\" title=\"sharkvador-illustration (4)\" width=\"2560\" height=\"1440\" class=\"rev-slidebg tp-rs-img rs-lazyload\" data-lazyload=\"\/\/sharkvador.com\/wp-content\/uploads\/2024\/06\/sharkvador-illustration-4-scaled.jpeg\" data-parallax=\"2\" data-no-retina>\n<!--\n\t\t\t\t\t\t\t--><rs-layer\n\t\t\t\t\t\t\t\tid=\"slider-1-slide-1-layer-1\" \n\t\t\t\t\t\t\t\tclass=\"rs-pxl-6\"\n\t\t\t\t\t\t\t\tdata-type=\"image\"\n\t\t\t\t\t\t\t\tdata-rsp_ch=\"on\"\n\t\t\t\t\t\t\t\tdata-xy=\"x:c;xo:0,0,0,36px;y:m;yo:-99px,-99px,-99px,0;\"\n\t\t\t\t\t\t\t\tdata-text=\"l:22;\"\n\t\t\t\t\t\t\t\tdata-dim=\"w:['100%','100%','100%','100%'];h:auto,auto,auto,146px;\"\n\t\t\t\t\t\t\t\tdata-frame_0=\"sX:2;sY:2;gra:0%;blu:20px;\"\n\t\t\t\t\t\t\t\tdata-frame_1=\"e:power2.inOut;st:500;sp:4000;sR:500;\"\n\t\t\t\t\t\t\t\tdata-frame_999=\"o:0;e:nothing;st:w;sR:4500;\"\n\t\t\t\t\t\t\t\tstyle=\"z-index:10;\"\n\t\t\t\t\t\t\t><img decoding=\"async\" src=\"\/\/sharkvador.com\/wp-content\/plugins\/revslider\/public\/assets\/assets\/dummy.png\" alt=\"\" class=\"tp-rs-img rs-lazyload\" width=\"3500\" height=\"3500\" data-lazyload=\"\/\/sharkvador.com\/wp-content\/uploads\/2024\/06\/sharkvador-white-transparent.png\" data-c=\"fullwidth\" data-no-retina> \n\t\t\t\t\t\t\t<\/rs-layer><!--\n\n\t\t\t\t\t\t\t--><rs-layer\n\t\t\t\t\t\t\t\tid=\"slider-1-slide-1-layer-2\" \n\t\t\t\t\t\t\t\tclass=\"rs-pxl-3\"\n\t\t\t\t\t\t\t\tdata-type=\"image\"\n\t\t\t\t\t\t\t\tdata-xy=\"x:c;y:m;yo:200px,200px,200px,160px;\"\n\t\t\t\t\t\t\t\tdata-text=\"l:22;\"\n\t\t\t\t\t\t\t\tdata-dim=\"w:292px,292px,292px,255px;h:69px,69px,69px,60;\"\n\t\t\t\t\t\t\t\tdata-rsp_o=\"off\"\n\t\t\t\t\t\t\t\tdata-rsp_bd=\"off\"\n\t\t\t\t\t\t\t\tdata-frame_0=\"sX:2;sY:2;blu:20px;\"\n\t\t\t\t\t\t\t\tdata-frame_1=\"e:power2.inOut;st:1630;sp:2000;sR:1630;\"\n\t\t\t\t\t\t\t\tdata-frame_999=\"o:0;e:nothing;st:w;sR:5370;\"\n\t\t\t\t\t\t\t\tstyle=\"z-index:6;\"\n\t\t\t\t\t\t\t><img decoding=\"async\" src=\"\/\/sharkvador.com\/wp-content\/plugins\/revslider\/public\/assets\/assets\/dummy.png\" alt=\"\" class=\"tp-rs-img rs-lazyload\" width=\"292\" height=\"69\" data-lazyload=\"\/\/sharkvador.com\/wp-content\/uploads\/2016\/11\/bg_buttons.png\" data-no-retina> \n\t\t\t\t\t\t\t<\/rs-layer><!--\n\n\t\t\t\t\t\t\t--><rs-layer\n\t\t\t\t\t\t\t\tid=\"slider-1-slide-1-layer-4\" \n\t\t\t\t\t\t\t\tclass=\"BUTTON-CROMA rs-pxl-3\"\n\t\t\t\t\t\t\t\tdata-type=\"text\"\n\t\t\t\t\t\t\t\tdata-color=\"rgba(200, 255, 195, 1)\"\n\t\t\t\t\t\t\t\tdata-xy=\"x:c;xo:-59px,-59px,-59px,-47px;y:m;yo:205px,205px,205px,163px;\"\n\t\t\t\t\t\t\t\tdata-text=\"s:18,18,18,16;l:22;fw:700,700,700,400;\"\n\t\t\t\t\t\t\t\tdata-actions='o:click;a:callback;call:IRON.players[0].play();;'\n\t\t\t\t\t\t\t\tdata-rsp_o=\"off\"\n\t\t\t\t\t\t\t\tdata-rsp_bd=\"off\"\n\t\t\t\t\t\t\t\tdata-frame_0=\"sX:2;sY:2;gra:0%;blu:20px;\"\n\t\t\t\t\t\t\t\tdata-frame_1=\"e:power2.inOut;st:1820;sR:1820;\"\n\t\t\t\t\t\t\t\tdata-frame_999=\"o:0;e:nothing;st:w;sR:6880;\"\n\t\t\t\t\t\t\t\tdata-frame_hover=\"c:#fff;oX:50;oY:50;sp:0;e:none;\"\n\t\t\t\t\t\t\t\tstyle=\"z-index:7;font-family:'Open Sans';\"\n\t\t\t\t\t\t\t><a href=\"https:\/\/sharkvador.com\/fr\/music\/\">MUSIQUE<\/a>\n \n\t\t\t\t\t\t\t<\/rs-layer><!--\n\n\t\t\t\t\t\t\t--><rs-layer\n\t\t\t\t\t\t\t\tid=\"slider-1-slide-1-layer-5\" \n\t\t\t\t\t\t\t\tclass=\"BUTTON-CROMA rs-pxl-3\"\n\t\t\t\t\t\t\t\tdata-type=\"text\"\n\t\t\t\t\t\t\t\tdata-color=\"rgba(200, 255, 195, 1)\"\n\t\t\t\t\t\t\t\tdata-xy=\"x:c;xo:71px,71px,71px,58px;y:m;yo:205px,205px,205px,163px;\"\n\t\t\t\t\t\t\t\tdata-text=\"s:18,18,18,16;l:22;fw:700,700,700,400;\"\n\t\t\t\t\t\t\t\tdata-rsp_o=\"off\"\n\t\t\t\t\t\t\t\tdata-rsp_bd=\"off\"\n\t\t\t\t\t\t\t\tdata-frame_0=\"sX:2;sY:2;blu:20px;\"\n\t\t\t\t\t\t\t\tdata-frame_1=\"e:power2.inOut;st:2000;sp:1000;sR:2000;\"\n\t\t\t\t\t\t\t\tdata-frame_999=\"o:0;e:nothing;st:w;sR:6000;\"\n\t\t\t\t\t\t\t\tdata-frame_hover=\"c:#fff;oX:50;oY:50;sp:0;e:none;\"\n\t\t\t\t\t\t\t\tstyle=\"z-index:8;font-family:'Open Sans';\"\n\t\t\t\t\t\t\t><a href=\"https:\/\/sharkvador.com\/fr\/contact\/\" target=\"_blank\" download>CONTACT<\/a> \n\t\t\t\t\t\t\t<\/rs-layer><!--\n\n\t\t\t\t\t\t\t--><rs-layer\n\t\t\t\t\t\t\t\tid=\"slider-1-slide-1-layer-7\" \n\t\t\t\t\t\t\t\tdata-type=\"text\"\n\t\t\t\t\t\t\t\tdata-color=\"rgba(200, 255, 195, 1)\"\n\t\t\t\t\t\t\t\tdata-xy=\"x:c;xo:-10px;y:m;yo:205px,205px,205px,165px;\"\n\t\t\t\t\t\t\t\tdata-text=\"s:18;l:22;\"\n\t\t\t\t\t\t\t\tdata-rsp_o=\"off\"\n\t\t\t\t\t\t\t\tdata-rsp_bd=\"off\"\n\t\t\t\t\t\t\t\tdata-frame_1=\"e:power2.inOut;st:2790;sR:2790;\"\n\t\t\t\t\t\t\t\tdata-frame_999=\"o:0;e:nothing;st:w;sR:5910;\"\n\t\t\t\t\t\t\t\tstyle=\"z-index:9;font-family:'Open Sans';\"\n\t\t\t\t\t\t\t>| \n\t\t\t\t\t\t\t<\/rs-layer><!--\n-->\t\t\t\t\t\t<\/rs-slide>\n\t\t\t\t\t<\/rs-slides>\n\t\t\t\t<\/rs-module>\n\t\t\t\t<script>\n\t\t\t\t\tsetREVStartSize({c: 'rev_slider_1_1',rl:[1240,1024,778,480],el:[868,768,960,720],gw:[1240,1024,778,480],gh:[868,768,960,720],type:'hero',justify:'',layout:'fullscreen',offsetContainer:'',offset:'',mh:\"0\"});if (window.RS_MODULES!==undefined && window.RS_MODULES.modules!==undefined && window.RS_MODULES.modules[\"revslider11\"]!==undefined) {window.RS_MODULES.modules[\"revslider11\"].once = false;window.revapi1 = undefined;if (window.RS_MODULES.checkMinimal!==undefined) window.RS_MODULES.checkMinimal()}\n\t\t\t\t<\/script>\n\t\t\t<\/rs-module-wrap>\n\t\t\t<!-- END REVOLUTION SLIDER -->\n<\/div><\/div><\/div><\/div><div  class=\"vc_row wpb_row vc_row-fluid bg-right-center vc_custom_1718631186895 full_width tabletnopadding\"><div class=\"wpb_column vc_column_container vc_col-sm-12\"><div class=\"vc_column-inner\"><div class=\"wpb_wrapper\"><h2 style=\"font-size: 18px;color: #ffffff;line-height: 18px;text-align: center\" class=\"vc_custom_heading\">Sur<\/h2>\t<div class=\"dividerwrap\" style=\"padding-top:px; padding-bottom:px;\">\r\n\t\t<div class=\"imagedivider center\">\r\n\t\t<img decoding=\"async\" src=\"https:\/\/sharkvador.com\/wp-content\/uploads\/2016\/11\/white-divider.png\" class=\"imagedividerpic\" alt=\"divider\">\r\n\t\t<\/div>\r\n\t\t<div class=\"clear\"><\/div>\r\n\t<\/div><div  class=\"vc_row wpb_row vc_inner vc_row-fluid vc_row wpb_row vc_inner  in_container\"><div class=\"wpb_column vc_column_container vc_col-sm-7\"><div class=\"vc_column-inner vc_custom_1478721172805\"><div class=\"wpb_wrapper\"><h3 style=\"font-size: 36px;color: #ffffff;line-height: 15px;text-align: right\" class=\"vc_custom_heading vc_custom_1718100879042\">SHARKVADOR<sup>\u00ae<\/sup><\/h3><h3 style=\"font-size: 36px;color: #c8ffc3;line-height: 43px;text-align: right\" class=\"vc_custom_heading vc_custom_1718100866633\">LA PASSION POUR LA MUSIQUE<\/h3>\r\n\t<div class=\"wpb_single_image wpb_content_element vc_align_right\">\r\n\t\t\r\n\t\t<figure class=\"wpb_wrapper vc_figure\">\r\n\t\t\t<div class=\"vc_single_image-wrapper 0 vc_box_circle  vc_box_border_grey\"><img decoding=\"async\" class=\"vc_single_image-img\" src=\"https:\/\/sharkvador.com\/wp-content\/uploads\/2024\/09\/MY-NEW-PORTRAIT-270x270.jpg\" width=\"270\" height=\"270\" alt=\"MY NEW PORTRAIT\" title=\"MY NEW PORTRAIT\" loading=\"lazy\" \/><\/div>\r\n\t\t<\/figure>\r\n\t<\/div>\r\n\n\t<div class=\"wpb_text_column wpb_content_element  vc_custom_1718100941649\" >\n\t\t<div class=\"wpb_wrapper\">\n\t\t\t<p style=\"text-align: right;\"><span style=\"color: #ffffff;\">SHARKVADOR, UNE SOMMIT\u00c9 DANS LA SC\u00c8NE DE MUSIQUE \u00c9LECTRONIQUE, S&#039;EST TAILL\u00c9 UNE NICHE POUR LUI-M\u00caME AVEC SON SENS M\u00c9LODIQUE ET \u00c9DIFIANTE PISTES. SON VOYAGE DANS LA MUSIQUE A COMMENC\u00c9 \u00c0 UN JEUNE \u00c2GE, ATTIR\u00c9S PAR LA COMPLEXIT\u00c9 DES SONS ET DES RYTHMES DE LA MUSIQUE \u00c9LECTRONIQUE OFFERTS. AU FIL DES ANS, IL A PERFECTIONN\u00c9 SES COMP\u00c9TENCES, ET PAS SEULEMENT EN TANT QUE PRODUCTEUR, MAIS AUSSI COMME UN AUTODIDACTE, ING\u00c9NIEUR DU SON, LA MA\u00ceTRISE DE L&#039;ART DU MIXAGE ET LE MASTERING DE SES PROPRES MORCEAUX. CE DOUBLE TALENT A PERMIS \u00c0 SHARKVADOR \u00c0 MAINTENIR UN CONTR\u00d4LE CR\u00c9ATIF COMPLET SUR SON DE LA MUSIQUE, DE VEILLER \u00c0 CE QUE CHAQUE BATTEMENT ET LA M\u00c9LODIE S&#039;HARMONISE PARFAITEMENT AVEC SA VISION.<\/span><\/p>\n\n\t\t<\/div>\n\t<\/div>\n\r\n\t<div class=\"wpb_single_image wpb_content_element vc_align_right  vc_custom_1719168862099\">\r\n\t\t\r\n\t\t<figure class=\"wpb_wrapper vc_figure\">\r\n\t\t\t<div class=\"vc_single_image-wrapper 0   vc_box_border_grey\"><img decoding=\"async\" class=\"vc_single_image-img\" src=\"https:\/\/sharkvador.com\/wp-content\/uploads\/2024\/06\/sharkvador-white-transparent-1-250x250.png\" width=\"250\" height=\"250\" alt=\"sharkvador white transparent\" title=\"sharkvador blanc transparent\" loading=\"lazy\" \/><\/div>\r\n\t\t<\/figure>\r\n\t<\/div>\r\n<\/div><\/div><\/div><\/div><\/div><\/div><\/div><\/div><div  class=\"vc_row wpb_row vc_row-fluid full_width\"><div class=\"wpb_column vc_column_container vc_col-sm-4\"><div class=\"vc_column-inner\"><div class=\"wpb_wrapper\">\t<a href=\"https:\/\/sharkvador.com\/fr\/music\/\" class=\"promobox animation-zoom\">\r\n\t\t<div class=\"promo-overlay\" style=\"background:\"><\/div>\r\n\t\t<img decoding=\"async\" src=\"https:\/\/sharkvador.com\/wp-content\/uploads\/2025\/04\/carnival-cover-1-559x559.jpg\" class=\"promopic\" alt=\"h3\">\r\n\t\t<div class=\"promocontent center\">\r\n\t\t\t<div class=\"promotext\"><h3 style=\"color:#ffffff;\">DISCOGRAPHIE<\/h3><\/div>\r\n\t\t\t<div class=\"promosubtext\"><h3><\/h3><\/div>\r\n\t\t<\/div>\r\n\t<\/a><\/div><\/div><\/div><div class=\"wpb_column vc_column_container vc_col-sm-4\"><div class=\"vc_column-inner\"><div class=\"wpb_wrapper\">\t<a href=\"https:\/\/sharkvador.com\/fr\/shop\/\" class=\"promobox animation-zoom\">\r\n\t\t<div class=\"promo-overlay\" style=\"background:\"><\/div>\r\n\t\t<img decoding=\"async\" src=\"https:\/\/sharkvador.com\/wp-content\/uploads\/2024\/06\/sharkvador-black-logo-1-559x559.png\" class=\"promopic\" alt=\"h3\">\r\n\t\t<div class=\"promocontent center\">\r\n\t\t\t<div class=\"promotext\"><h3 style=\"color:#ffffff;\">SUR<\/h3><\/div>\r\n\t\t\t<div class=\"promosubtext\"><h3><\/h3><\/div>\r\n\t\t<\/div>\r\n\t<\/a><\/div><\/div><\/div><div class=\"wpb_column vc_column_container vc_col-sm-4\"><div class=\"vc_column-inner\"><div class=\"wpb_wrapper\">\t<a href=\"https:\/\/sharkvador.com\/fr\/contact\/\" class=\"promobox animation-zoom\">\r\n\t\t<div class=\"promo-overlay\" style=\"background:\"><\/div>\r\n\t\t<img decoding=\"async\" src=\"https:\/\/sharkvador.com\/wp-content\/uploads\/2024\/06\/sharkvador-illustration-24-559x559.png\" class=\"promopic\" alt=\"h3\">\r\n\t\t<div class=\"promocontent center\">\r\n\t\t\t<div class=\"promotext\"><h3 style=\"color:#ffffff;\">CONTACT<\/h3><\/div>\r\n\t\t\t<div class=\"promosubtext\"><h3><\/h3><\/div>\r\n\t\t<\/div>\r\n\t<\/a><\/div><\/div><\/div><\/div><div  class=\"vc_row wpb_row vc_row-fluid vc_custom_1718631793933 full_width tabletnopadding\"><div class=\"wpb_column vc_column_container vc_col-sm-12\"><div class=\"vc_column-inner vc_custom_1478730342588\"><div class=\"wpb_wrapper\"><h2 style=\"font-size: 18px;color: #ffffff;line-height: 18px;text-align: center\" class=\"vc_custom_heading\">Spotify<\/h2>\t<div class=\"dividerwrap\" style=\"padding-top:px; padding-bottom:px;\">\r\n\t\t<div class=\"imagedivider center\">\r\n\t\t<img decoding=\"async\" src=\"https:\/\/sharkvador.com\/wp-content\/uploads\/2016\/11\/white-divider.png\" class=\"imagedividerpic\" alt=\"divider\">\r\n\t\t<\/div>\r\n\t\t<div class=\"clear\"><\/div>\r\n\t<\/div><div class=\"vc_empty_space\"   style=\"height: 41px\"><span class=\"vc_empty_space_inner\"><\/span><\/div><div class=\"vc_empty_space\"   style=\"height: 66px\"><span class=\"vc_empty_space_inner\"><\/span><\/div>\r\n\t<a target=\"_blank\" data-hoverbg=\"rgba(200,255,195,0.5)\" data-hoverborder=\"#ffffff\" data-hovertext=\"#ffffff\"  class=\"button-widget center\" href=\"https:\/\/open.spotify.com\/artist\/300AoFbH5DCf8PRH1D7e5G\" style=\"padding-left:22px; padding-right:22px; padding-top:17px; padding-bottom:17px; border-width:1px; border-radius:0px; border-color:#c8ffc3; background-color:; color:#c8ffc3\">suivez-nous sur spotify<\/a><div class=\"clear button-clear\"><\/div><\/div><\/div><\/div><\/div><div  class=\"vc_row wpb_row vc_row-fluid vc_custom_1718631906430 full_width\"><div class=\"wpb_column vc_column_container vc_col-sm-12\"><div class=\"vc_column-inner\"><div class=\"wpb_wrapper\"><div  class=\"vc_row wpb_row vc_inner vc_row-fluid vc_row wpb_row vc_inner  in_container\"><div class=\"wpb_column vc_column_container vc_col-sm-1\"><div class=\"vc_column-inner\"><div class=\"wpb_wrapper\"><\/div><\/div><\/div><div class=\"wpb_column vc_column_container vc_col-sm-10 vc_col-has-fill\"><div class=\"vc_column-inner vc_custom_1478727516127\"><div class=\"wpb_wrapper\"><h2 style=\"font-size: 36px;color: #ffffff;line-height: 43px;text-align: center;font-family:ABeeZee;font-weight:400;font-style:normal\" class=\"vc_custom_heading vc_custom_1718101246429\">2024 tour du Monde<\/h2>\t<div class=\"dividerwrap\" style=\"padding-top:px; padding-bottom:px;\">\r\n\t\t<div class=\"imagedivider center\">\r\n\t\t<img decoding=\"async\" src=\"https:\/\/sharkvador.com\/wp-content\/uploads\/2016\/11\/white-divider.png\" class=\"imagedividerpic\" alt=\"divider\">\r\n\t\t<\/div>\r\n\t\t<div class=\"clear\"><\/div>\r\n\t<\/div><div class=\"vc_empty_space\"   style=\"height: 50px\"><span class=\"vc_empty_space_inner\"><\/span><\/div><div class=\"widget  iron_widget_events\">\r\n\t\t\t\t<ul id=\"post-list\" class=\"concerts-list\">\r\n\r\n\r\n\t\t\t\t\t<li class=\"nothing-found\">\r\n\t\t\t\t\tNo upcoming events scheduled yet. Stay tuned!\t\t\t\t\t<\/li>\r\n\r\n\t\t\t\t\r\n\r\n\t\t\t\t<li><\/li>\r\n\t\t\t\t<\/ul>\r\n\r\n<\/div><div class=\"vc_empty_space\"   style=\"height: 100px\"><span class=\"vc_empty_space_inner\"><\/span><\/div>\r\n\t<a target=\"_self\" data-hoverbg=\"rgba(200,255,195,0.5)\" data-hoverborder=\"#ffffff\" data-hovertext=\"#ffffff\"  class=\"button-widget center\" href=\"https:\/\/sharkvador.com\/fr\/tour-list\/\" style=\"padding-left:22px; padding-right:22px; padding-top:17px; padding-bottom:17px; border-width:1px; border-radius:0px; border-color:#c8ffc3; background-color:; color:#c8ffc3\">VOIR TOUTES LES DATES<\/a><div class=\"clear button-clear\"><\/div><div class=\"vc_empty_space\"   style=\"height: 90px\"><span class=\"vc_empty_space_inner\"><\/span><\/div><\/div><\/div><\/div><\/div><\/div><\/div><\/div><\/div><div  class=\"vc_row wpb_row vc_row-fluid in_container\"><div class=\"wpb_column vc_column_container vc_col-sm-12 vc_hidden-lg vc_hidden-md vc_hidden-sm vc_hidden-xs\"><div class=\"vc_column-inner\"><div class=\"wpb_wrapper\"><article class=\"widget  iron_widget_radio\"><div class=\"iron-audioplayer wpb_column vc_column_container\" id=\"arbitrary-instance-69fb322e06f68\" data-autoplay=\"\" data-url-playlist=\"https:\/\/sharkvador.com\/fr\/?load=playlist.json&#038;title=&#038;albums=644,642\" >\r\n\t\t\t\t<div class=\"wpb_column vc_col-sm-12\">\r\n\t\t\t\t\t<div class=\"album\">\r\n\t\t\t\t\t\t<div class=\"album-art\"><img decoding=\"async\" src=\"https:\/\/sharkvador.com\/wp-content\/themes\/croma\/images\/defaultpx.png\" alt=\"album-art\"><\/div>\r\n\t\t\t\t\t<\/div>\r\n\t\t\t\t<\/div>\r\n\t\t\t\t<div class=\"wpb_column vc_col-sm-12\">\r\n\t\t\t\t\t<div class=\"playlist\">\r\n\t\t\t\t\t\t<h1 class=\"cr_it-playlist-title\">Je L&#039;Ai Eu<\/h1><div class=\"cr_it-playlist-artists\">By <span class=\"cr_it-artists-value\">Sharkvador<\/span><\/div>\r\n\t\t\t\t\t\t<div class=\"cr_it-playlist-release-date\">Release date: <span class=\"cr_it-date-value\">2024-06-02<\/span><\/div>\r\n\t\t\t\t\t\t<ul><li data-audiopath=\"https:\/\/sharkvador.com\/wp-content\/uploads\/2016\/11\/I-Got-it1.mp3\" data-showloading=\"true\"  data-albumtitle=\"I Got It\" data-albumart=\"https:\/\/sharkvador.com\/wp-content\/uploads\/2024\/06\/Got-it-Cover-559x559.jpg\"data-trackartists=\"Sharkvador\"data-releasedate=\"2024-06-02\" data-tracktitle=\"I Got It\"><a class=\"button\" target=\"_blank\" href=\"https:\/\/open.spotify.com\/track\/2NJuCmOMSuZpShfN5spoDR?si=213b2781333f4e7c\">\u00c9couter sur Spotify<\/a><\/li><li data-audiopath=\"https:\/\/sharkvador.com\/wp-content\/uploads\/2016\/11\/ready-for-it-for-distribution2-release-s.mp3\" data-showloading=\"true\"  data-albumtitle=\"Ready For It\" data-albumart=\"https:\/\/sharkvador.com\/wp-content\/uploads\/2024\/06\/Ready-for-It-559x559.jpg\"data-trackartists=\"Sharkvador\"data-releasedate=\"2024-06-09\" data-tracktitle=\"Ready For It\"><a class=\"button\" target=\"_blank\" href=\"https:\/\/open.spotify.com\/track\/6zPfph5JVgZF4V760fHXze?si=6bd8437638e44e6e\">\u00c9couter sur Spotify<\/a><\/li><\/ul>\r\n\t\t\t\t\t<\/div>\r\n\t\t\t\t<\/div>\r\n\t\t\t\t<div class=\"vc_column_container wpb_column vc_col-sm-12\">\r\n\t\t\t\t\t<div class=\"track-title\"><\/div>\r\n\t\t\t\t\t<div class=\"album-title\"><\/div>\r\n\r\n\t\t\t\t\t<div class=\"player\">\r\n\t\t\t\t\t\t<div class=\"currentTime\"><\/div>\r\n\t\t\t\t\t\t<div id=\"arbitrary-instance-69fb322e06f68-wave\" class=\"wave\"><\/div>\r\n\t\t\t\t\t\t<div class=\"totalTime\"><\/div>\r\n\t\t\t\t\t\t<div class=\"control\">\r\n\t\t\t\t\t\t\t<a class=\"previous\" style=\"opacity:0;\">\r\n\t\t\t\t\t\t\t\t<svg version=\"1.1\" id=\"Layer_1\" xmlns=\"http:\/\/www.w3.org\/2000\/svg\" xmlns:xlink=\"http:\/\/www.w3.org\/1999\/xlink\" x=\"0px\" y=\"0px\" viewbox=\"0 0 10.2 11.7\" style=\"enable-background:new 0 0 10.2 11.7;\" xml:space=\"preserve\">\r\n\t\t\t\t\t\t\t\t\t<polygon points=\"10.2,0 1.4,5.3 1.4,0 0,0 0,11.7 1.4,11.7 1.4,6.2 10.2,11.7\"\/>\r\n\t\t\t\t\t\t\t\t<\/svg>\r\n\t\t\t\t\t\t\t<\/a>\r\n\t\t\t\t\t\t\t<a class=\"play\" style=\"opacity:0;\">\r\n\t\t\t\t\t\t\t\t<svg version=\"1.1\" xmlns=\"http:\/\/www.w3.org\/2000\/svg\" xmlns:xlink=\"http:\/\/www.w3.org\/1999\/xlink\" x=\"0px\" y=\"0px\" viewbox=\"0 0 17.5 21.2\" style=\"enable-background:new 0 0 17.5 21.2;\" xml:space=\"preserve\">\r\n\t\t\t\t\t\t\t\t\t<path d=\"M0,0l17.5,10.9L0,21.2V0z\"\/>\r\n\r\n\t\t\t\t\t\t\t\t\t<rect width=\"6\" height=\"21.2\"\/>\r\n\t\t\t\t\t\t\t\t\t<rect x=\"11.5\" width=\"6\" height=\"21.2\"\/>\r\n\t\t\t\t\t\t\t\t<\/svg>\r\n\t\t\t\t\t\t\t<\/a>\r\n\t\t\t\t\t\t\t<a class=\"next\" style=\"opacity:0;\">\r\n\t\t\t\t\t\t\t\t<svg version=\"1.1\" xmlns=\"http:\/\/www.w3.org\/2000\/svg\" xmlns:xlink=\"http:\/\/www.w3.org\/1999\/xlink\" x=\"0px\" y=\"0px\" viewbox=\"0 0 10.2 11.7\" style=\"enable-background:new 0 0 10.2 11.7;\" xml:space=\"preserve\">\r\n\t\t\t\t\t\t\t\t\t<polygon points=\"0,11.7 8.8,6.4 8.8,11.7 10.2,11.7 10.2,0 8.8,0 8.8,5.6 0,0\"\/>\r\n\t\t\t\t\t\t\t\t<\/svg>\r\n\t\t\t\t\t\t\t<\/a>\r\n\t\t\t\t\t\t<\/div>\r\n\t\t\t\t\t<\/div>\r\n\t\t\t\t<\/div>\r\n\t\t\t\t<\/div><\/article><\/div><\/div><\/div><\/div>\n<\/div>","protected":false},"excerpt":{"rendered":"MUSIC CONTACT | About SHARKVADOR\u00aePASSION FOR MUSIC SHARKVADOR, A LUMINARY IN THE ELECTRONIC MUSIC SCENE, HAS CARVED A NICHE FOR HIMSELF WITH HIS DISTINCTIVE MELODIC AND UPLIFTING TRACKS. HIS JOURNEY INTO MUSIC BEGAN AT A YOUNG AGE, DRAWN BY THE INTRICATE SOUNDS AND RHYTHMS THAT ELECTRONIC MUSIC OFFERED. OVER THE YEARS, HE HONED HIS SKILLS, NOT JUST AS A PRODUCER BUT ALSO AS A SELF-TAUGHT SOUND ENGINEER, MASTERING THE ART OF MIXING AND MASTERING HIS OWN TRACKS. THIS DUAL TALENT [...]","protected":false},"author":1,"featured_media":0,"parent":0,"menu_order":1,"comment_status":"closed","ping_status":"closed","template":"","meta":{"_acf_changed":false,"footnotes":""},"acf":[],"_links":{"self":[{"href":"https:\/\/sharkvador.com\/fr\/wp-json\/wp\/v2\/pages\/10"}],"collection":[{"href":"https:\/\/sharkvador.com\/fr\/wp-json\/wp\/v2\/pages"}],"about":[{"href":"https:\/\/sharkvador.com\/fr\/wp-json\/wp\/v2\/types\/page"}],"author":[{"embeddable":true,"href":"https:\/\/sharkvador.com\/fr\/wp-json\/wp\/v2\/users\/1"}],"replies":[{"embeddable":true,"href":"https:\/\/sharkvador.com\/fr\/wp-json\/wp\/v2\/comments?post=10"}],"version-history":[{"count":4,"href":"https:\/\/sharkvador.com\/fr\/wp-json\/wp\/v2\/pages\/10\/revisions"}],"predecessor-version":[{"id":1294,"href":"https:\/\/sharkvador.com\/fr\/wp-json\/wp\/v2\/pages\/10\/revisions\/1294"}],"wp:attachment":[{"href":"https:\/\/sharkvador.com\/fr\/wp-json\/wp\/v2\/media?parent=10"}],"curies":[{"name":"wp","href":"https:\/\/api.w.org\/{rel}","templated":true}]}}